{"id":752,"date":"2023-12-19T21:44:30","date_gmt":"2023-12-19T21:44:30","guid":{"rendered":"https:\/\/www.developmind.com.mx\/en\/?page_id=752"},"modified":"2023-12-19T21:44:30","modified_gmt":"2023-12-19T21:44:30","slug":"notice-of-privacy","status":"publish","type":"page","link":"https:\/\/www.developmind.com.mx\/en\/notice-of-privacy\/","title":{"rendered":"Notice of Privacy"},"content":{"rendered":"<p><strong>Notice of Privacy<\/strong><\/p>\n<p>DM TALENT GROUP S.C., con nombre comercial Developmind, es responsable del tratamiento de los datos personales recabados en este sitio web y suscribe el presente aviso de privacidad en cumplimiento con la Ley Federal de Protecci\u00f3n de Datos Personales en Posesi\u00f3n de los Particulares.<\/p>\n<p>Los datos personales que usted nos ha proporcionado directamente o a trav\u00e9s de medios electr\u00f3nicos han sido recabados y ser\u00e1n tratados por DM TALENT GROUP S.C. bajo los principios de licitud, consentimiento, informaci\u00f3n, calidad, finalidad, lealtad, proporcionalidad y responsabilidad, de conformidad con lo dispuesto por la Ley.<\/p>\n<p>Los datos personales proporcionados a DM TALENT GROUP S.C., con nombre comercial Developmind, se encontrar\u00e1n debidamente protegidos a trav\u00e9s de medidas de seguridad tecnol\u00f3gicas, f\u00edsicas y administrativas, previniendo el uso o divulgaci\u00f3n indebida de los mismos.<\/p>\n<p>\u00bfPara que fines recabamos y utilizamos sus datos personales?<br \/>\nSu informaci\u00f3n personal ser\u00e1 utilizada para proveer los servicios, productos e informaci\u00f3n que ha solicitado, comunicarle sobre cambios en los mismos y evaluar la calidad del servicio que le brindamos. Adicionalmente sus datos personales pueden ser utilizados para las siguientes finalidades:<br \/>\nDar seguimiento a solicitudes de informaci\u00f3n sobre los servicios y\/o productos que nuestra empresa oferta por medio de nuestro sitio web u otros medios.<br \/>\nRealizar cotizaciones y enviarle propuestas de trabajo en base a la informaci\u00f3n que nos proporciona mediante los formularios del sitio web.<br \/>\nDar avisos urgentes o importantes sobre alg\u00fan tema relacionado con nuestro sitio web, servicios y\/o productos contratados con nuestra empresa.<br \/>\nProveer informaci\u00f3n sobre el estado actual de nuestra empresa.<br \/>\nRealizar los servicios y\/o entregar los productos que usted contrat\u00f3 con nuestra empresa.<br \/>\nInformar sobre cambios y nuevos productos y\/o servicios que est\u00e9n relacionados con el\/los contratado(s) o adquirido(s) por el cliente.<br \/>\nDar cumplimiento a obligaciones contra\u00eddas con nuestros clientes.<br \/>\nEvaluar la calidad del servicio y realizar estudios internos sobre h\u00e1bitos de consumo.<br \/>\nEnv\u00edo de promociones por correo electr\u00f3nico en diferentes periodos.<\/p>\n<p>\u00bfQue datos personales obtenemos y de d\u00f3nde?<br \/>\nPara las finalidades se\u00f1aladas en el presente aviso de privacidad, podemos recabar sus datos personales de distintas formas: cuando usted nos los proporciona directamente, cuando visita nuestro sitio de Internet o utiliza nuestros servicios en l\u00ednea y cuando obtenemos informaci\u00f3n a trav\u00e9s de otras fuentes que est\u00e1n permitidas por la ley.<\/p>\n<p>\u00bfCon qui\u00e9n compartiremos su informaci\u00f3n personal y para qu\u00e9 fines?<br \/>\nLe informamos que sus datos personales no son compartidos con ninguna empresa, organizaci\u00f3n y autoridades distintas a nosotros.<\/p>\n<p>Datos personales que recabamos por Internet<br \/>\nCuando visita nuestro sitio de Internet o utiliza nuestros servicios en l\u00ednea recabamos los datos de la siguiente manera: Formulario de Contacto con los siguientes datos: Nombre, Empresa, Tel\u00e9fono, Correo electr\u00f3nico, Direcci\u00f3n, descripci\u00f3n del proyecto que usted desea realizar con nuestra empresa.<\/p>\n<p>Uso de cookies y aplicaciones de An\u00e1lisis de Datos.<br \/>\nLas cookies son archivos de texto que son descargados autom\u00e1ticamente y almacenados en el disco duro del equipo de c\u00f3mputo del usuario al navegar en una p\u00e1gina de Internet especifica, que permiten recordar al servidor de Internet algunos datos sobre este usuario, entre ellos, sus preferencias para la visualizaci\u00f3n de las p\u00e1ginas en ese servidor, nombre y contrase\u00f1a. Por su parte, las Aplicaciones de An\u00e1lisis de Datos pueden ser utilizadas para monitorear el comportamiento de un visitante, como almacenar informaci\u00f3n sobre la direcci\u00f3n IP del usuario, duraci\u00f3n del tiempo de interacci\u00f3n en dicha p\u00e1gina y el tipo de navegador utilizado, entre otros. Le informamos que utilizamos cookies y Aplicaciones para An\u00e1lisis de Datos para obtener la siguiente informaci\u00f3n relacionada con la tecnolog\u00eda que utilizar para navegar nuestro sitio web y mantener una mejora constante para una mejor experiencia de uso: Direcci\u00f3n IP, Navegador de Internet, Sistema Operativo, Pa\u00eds de Origen, Sitio Web de Origen. Puede aprender a desactivar las Cookies y mejorar la privacidad de su revisando la documentaci\u00f3n de su navegador, sistema operativo y\/o equipo de computo.<\/p>\n<p>Compartir Datos con Terceros<br \/>\nNos comprometemos a no transferir su informaci\u00f3n personal a terceros sin su consentimiento, salvo las excepciones previstas en el art\u00edculo 37 de la Ley Federal de Protecci\u00f3n de Datos Personales en Posesi\u00f3n de los Particulares, as\u00ed como a realizar esta transferencia en los t\u00e9rminos que fija esa ley. Si usted no manifiesta su oposici\u00f3n para que sus datos personales sean transferidos, se entender\u00e1 que ha otorgado su consentimiento para ello.<\/p>\n<p>Responsable de la Privacidad de los Datos<br \/>\nSi tiene alguna duda, pregunta o queja, puede comunicarse con nuestro departamento de Privacidad, nuestro n\u00famero de tel\u00e9fono es (55) 11070797 y podemos ayudarle en un horario de 9:00 AM a 18:00 PM de Lunes a viernes. Ponemos a su disposici\u00f3n nuestra direcci\u00f3n electr\u00f3nica info@developmind.com.mx, todas sus preguntas ser\u00e1n respondidas.<\/p>\n","protected":false},"excerpt":{"rendered":"<p>Notice of Privacy DM TALENT GROUP S.C., con nombre comercial Developmind, es responsable del tratamiento de los datos personales recabados en este sitio web y suscribe el presente aviso de privacidad en cumplimiento con la Ley Federal de Protecci\u00f3n de Datos Personales en Posesi\u00f3n de los Particulares. Los datos personales que usted nos ha proporcionado..<\/p>\n","protected":false},"author":1,"featured_media":0,"parent":0,"menu_order":0,"comment_status":"closed","ping_status":"closed","template":"","meta":{"novablocks_hero_scroll_indicator":false,"novablocks_hero_position_indicators":false,"supernova_prevent_duplicate":false,"footnotes":""},"class_list":["post-752","page","type-page","status-publish","hentry"],"_links":{"self":[{"href":"https:\/\/www.developmind.com.mx\/en\/wp-json\/wp\/v2\/pages\/752","targetHints":{"allow":["GET"]}}],"collection":[{"href":"https:\/\/www.developmind.com.mx\/en\/wp-json\/wp\/v2\/pages"}],"about":[{"href":"https:\/\/www.developmind.com.mx\/en\/wp-json\/wp\/v2\/types\/page"}],"author":[{"embeddable":true,"href":"https:\/\/www.developmind.com.mx\/en\/wp-json\/wp\/v2\/users\/1"}],"replies":[{"embeddable":true,"href":"https:\/\/www.developmind.com.mx\/en\/wp-json\/wp\/v2\/comments?post=752"}],"version-history":[{"count":1,"href":"https:\/\/www.developmind.com.mx\/en\/wp-json\/wp\/v2\/pages\/752\/revisions"}],"predecessor-version":[{"id":753,"href":"https:\/\/www.developmind.com.mx\/en\/wp-json\/wp\/v2\/pages\/752\/revisions\/753"}],"wp:attachment":[{"href":"https:\/\/www.developmind.com.mx\/en\/wp-json\/wp\/v2\/media?parent=752"}],"curies":[{"name":"wp","href":"https:\/\/api.w.org\/{rel}","templated":true}]}}